{"id":92,"date":"2024-05-07T15:34:29","date_gmt":"2024-05-07T15:34:29","guid":{"rendered":"https:\/\/voidutahe.ee\/?page_id=92"},"modified":"2024-09-24T22:49:59","modified_gmt":"2024-09-24T19:49:59","slug":"59-brigaad","status":"publish","type":"page","link":"https:\/\/voidutahe.ee\/en\/59-brigaad\/","title":{"rendered":"Support for the legendary 59th Motorized Brigade"},"content":{"rendered":"<div class=\"wp-block-group alignfull has-background-background-color has-background has-global-padding is-layout-constrained wp-container-core-group-is-layout-7276a2bb wp-block-group-is-layout-constrained\" style=\"margin-top:0;margin-bottom:0;padding-top:var(--wp--preset--spacing--60);padding-right:var(--wp--preset--spacing--30);padding-bottom:var(--wp--preset--spacing--60);padding-left:var(--wp--preset--spacing--30)\">\n<div class=\"wp-block-columns alignwide is-layout-flex wp-container-core-columns-is-layout-47c06fe3 wp-block-columns-is-layout-flex\">\n<div class=\"wp-block-column is-layout-flow wp-container-core-column-is-layout-8a368f38 wp-block-column-is-layout-flow\" style=\"flex-basis:50%\">\n<figure class=\"wp-block-image size-large\"><img loading=\"lazy\" decoding=\"async\" width=\"1024\" height=\"858\" src=\"https:\/\/voidutahe.ee\/wp-content\/uploads\/2024\/05\/signal-2024-05-01-05-03-08-624-1024x858.jpg\" alt=\"\" class=\"wp-image-102\" srcset=\"https:\/\/voidutahe.ee\/wp-content\/uploads\/2024\/05\/signal-2024-05-01-05-03-08-624-1024x858.jpg 1024w, https:\/\/voidutahe.ee\/wp-content\/uploads\/2024\/05\/signal-2024-05-01-05-03-08-624-300x251.jpg 300w, https:\/\/voidutahe.ee\/wp-content\/uploads\/2024\/05\/signal-2024-05-01-05-03-08-624-768x644.jpg 768w, https:\/\/voidutahe.ee\/wp-content\/uploads\/2024\/05\/signal-2024-05-01-05-03-08-624-600x503.jpg 600w, https:\/\/voidutahe.ee\/wp-content\/uploads\/2024\/05\/signal-2024-05-01-05-03-08-624.jpg 1218w\" sizes=\"auto, (max-width: 1024px) 100vw, 1024px\" \/><\/figure>\n\n\n\n<div class=\"wp-block-group has-tertiary-background-color has-background has-global-padding is-layout-constrained wp-container-core-group-is-layout-24fca791 wp-block-group-is-layout-constrained\" style=\"padding-top:var(--wp--preset--spacing--30);padding-right:24px;padding-bottom:var(--wp--preset--spacing--30);padding-left:24px\">\n<p>Raivo Olev delivering donated equipment to the 59th Brigade<\/p>\n<\/div>\n<\/div>\n\n\n\n<div class=\"wp-block-column is-layout-flow wp-block-column-is-layout-flow\" style=\"flex-basis:50%\">\n<h3 class=\"wp-block-heading\">Every single Euro of support helps<\/h3>\n\n\n\n<p>Any donation, large or small, will be of great benefit to the 59th Motorized Brigade which is currently fighting in one of the most difficult sections of the Ukrainian front lines, the Pokrovsk direction. While meeting the soldiers of this brigade, they requested (1) 4x4 trucks for mobility, (2) Mavic drones for surveillance, and (3) night vision devices for protection from night-time attacks. Due to the incredible demands of the war, this equipment is not reliably available in large enough quantities from e.g. military aid packages from allies, and volunteers and donors are needed to help fill this gap. Not having one of these 3 critical tools when it's needed can make the difference between life and death for soldiers of the 59th Brigade.<\/p>\n\n\n\n<p>There is another big reason that we support Ukraine in their fight for freedom and independence - if Ukraine does not stop the russian terror, then other countries like Estonia will be the next to find themselves fighting for their own freedom and independence again. The soldiers of the 59th Brigade are giving everything for this fight, and their victory is our victory as well!!!<\/p>\n<\/div>\n<\/div>\n\n\n\n<figure class=\"wp-block-video\"><video height=\"720\" style=\"aspect-ratio: 1280 \/ 720;\" width=\"1280\" controls src=\"https:\/\/voidutahe.ee\/wp-content\/uploads\/2024\/05\/\u0410\u043c\u0435\u0440\u0438\u043a\u0430\u043d\u0446\u0456-\u043a\u0430\u043d\u0430\u0434\u0456\u0439\u0446\u0456-\u0443\u043a\u0440\u0430\u0457\u043d\u0446\u0456-\u0437\u043d\u0438\u0449\u0438\u043b\u0438-22-\u0440\u043e\u0441\u0456\u044f\u043d\u0438\u043d\u0430-\u043d\u0430-\u043e\u043f\u043e\u0440\u043d\u043e\u043c\u0443-\u043f\u0443\u043d\u043a\u0442\u0456.-23.08.2023-trimmed.mp4\"><\/video><\/figure>\n\n\n\n<h2 class=\"wp-block-heading\" id=\"annetus\">Support us with a donation<\/h2>\n\n\n        <style>\n                            :root {\n                    --wcdp-main:\n                        #f8e65d                    ;\n                    --wcdp-main-2:\n                        #097bcc                    ;\n                    --wcdp-label-text-checked: white;\n                }\n\n                @keyframes wcdp-progress {\n                    0% {\n                        width: 0;\n                    }\n                }\n\n                .wcdp-progress-style-1 .wcdp-thermometer {\n    height: 2em;\n    border-radius: 0.5em;\n    }\n    .wcdp-progress-style-1 .wcdp-thermometer-bg {\n    background-color: var(--wcdp-main);\n    margin: 0;\n    height: 2em;\n    }\n    .wcdp-progress-style-1 .wcdp-progress > .wcdp-thermometer-fg {\n    background-color: var(--wcdp-main-2);\n    margin-top: -2em;\n    animation: wcdp-progress 2s ease-in;\n    }\n    .wcdp-progress-style-1 .wcdp-thermometer > .wcdp-label, .wcdp-thermometer > .wcdp-label .woocommerce-Price {\n    white-space: nowrap;\n    color: var(--wcdp-label-text-checked);\n    text-align: right;\n    padding: 0 1ch 0 1ch;\n    font-size: 1em;\n    line-height: 2em;\n    }\n<\/style>\n\n<div class=\"wcdp-progress-style-1\">\n    <div class=\"wcdp-progress\" role=\"progressbar\" aria-valuenow=\"7709\" aria-valuemin=\"0\"\n        aria-valuemax=\"30000\" aria-label=\"7709,00&nbsp;&euro; raised of 30000,00&nbsp;&euro; goal\">\n        <div class=\"wcdp-thermometer wcdp-thermometer-bg\"><\/div>\n        <div class=\"wcdp-thermometer wcdp-thermometer-fg\" style=\"width: 25.696666666667%\">\n            <div class=\"wcdp-label\">7709,00&nbsp;&euro; of 30000,00&nbsp;&euro;<\/div>\n        <\/div>\n    <\/div>\n<\/div>\n\n\n<ul class=\"woocommerce-error wcdp-error-message\" id=\"wcdp-ajax-error\" role=\"alert\"><li>In the current view, the donation form is not available.<\/li><\/ul>\n<\/div>","protected":false},"excerpt":{"rendered":"<p>Raivo Olev 59. brigaadile varustust \u00fcle andmas. Ka v\u00e4ike abi v\u00f5ib olla oluline Ukraina rinde \u00fchel k\u00f5ige tulisemal l\u00f5igul Pokrovske suunal hetkel v\u00f5itlevat 59. brigaadi saab ka v\u00e4ike annetus aidata. Kohtumisel selle brigaadi meestega saime palve neid aidata 4&#215;4 autode, Mavic t\u00fc\u00fcpi droonide ja \u00f6\u00f6vaatlusseadmetega. Just need on asjad, mida nad ei saa nt USA [&hellip;]<\/p>\n","protected":false},"author":1,"featured_media":0,"parent":0,"menu_order":0,"comment_status":"closed","ping_status":"closed","template":"","meta":{"footnotes":""},"class_list":["post-92","page","type-page","status-publish","hentry"],"aioseo_notices":[],"jetpack_sharing_enabled":true,"_links":{"self":[{"href":"https:\/\/voidutahe.ee\/en\/wp-json\/wp\/v2\/pages\/92","targetHints":{"allow":["GET"]}}],"collection":[{"href":"https:\/\/voidutahe.ee\/en\/wp-json\/wp\/v2\/pages"}],"about":[{"href":"https:\/\/voidutahe.ee\/en\/wp-json\/wp\/v2\/types\/page"}],"author":[{"embeddable":true,"href":"https:\/\/voidutahe.ee\/en\/wp-json\/wp\/v2\/users\/1"}],"replies":[{"embeddable":true,"href":"https:\/\/voidutahe.ee\/en\/wp-json\/wp\/v2\/comments?post=92"}],"version-history":[{"count":12,"href":"https:\/\/voidutahe.ee\/en\/wp-json\/wp\/v2\/pages\/92\/revisions"}],"predecessor-version":[{"id":773,"href":"https:\/\/voidutahe.ee\/en\/wp-json\/wp\/v2\/pages\/92\/revisions\/773"}],"wp:attachment":[{"href":"https:\/\/voidutahe.ee\/en\/wp-json\/wp\/v2\/media?parent=92"}],"curies":[{"name":"wp","href":"https:\/\/api.w.org\/{rel}","templated":true}]}}