{"id":90,"date":"2024-05-07T15:33:08","date_gmt":"2024-05-07T15:33:08","guid":{"rendered":"https:\/\/voidutahe.ee\/?page_id=90"},"modified":"2024-08-16T04:33:58","modified_gmt":"2024-08-16T01:33:58","slug":"kadetikorpus","status":"publish","type":"page","link":"https:\/\/voidutahe.ee\/en\/kadetikorpus\/","title":{"rendered":"Cadet Academy renovation"},"content":{"rendered":"<div class=\"wp-block-group alignfull has-background-background-color has-background has-global-padding is-layout-constrained wp-container-core-group-is-layout-7276a2bb wp-block-group-is-layout-constrained\" style=\"margin-top:0;margin-bottom:0;padding-top:var(--wp--preset--spacing--60);padding-right:var(--wp--preset--spacing--30);padding-bottom:var(--wp--preset--spacing--60);padding-left:var(--wp--preset--spacing--30)\">\n<div class=\"wp-block-group alignwide has-global-padding is-content-justification-left is-layout-constrained wp-container-core-group-is-layout-8b4c372c wp-block-group-is-layout-constrained\">\n<div class=\"wp-block-group has-global-padding is-layout-constrained wp-block-group-is-layout-constrained\">\n<div class=\"wp-block-group has-global-padding is-layout-constrained wp-block-group-is-layout-constrained\"><\/div>\n<\/div>\n\n\n\n<div class=\"wp-block-columns alignwide is-layout-flex wp-container-core-columns-is-layout-28f84493 wp-block-columns-is-layout-flex\">\n<div class=\"wp-block-column has-global-padding is-layout-constrained wp-block-column-is-layout-constrained\">\n<h2 class=\"wp-block-heading alignwide\">Noortele \u00f5pitingimuste loomine<\/h2>\n\n\n\n<p>Harkivi kadetikorpuse hoonekompleks h\u00e4vines 2022. aastal t\u00e4iemahulise s\u00f5ja esimesel n\u00e4dalal vene terroristide raketi r\u00fcnnakus t\u00e4ielikult. Kool sai endale teised ruumid, mis on v\u00e4ga armotiseerunud ja vajavad renoveerimist. Renoveerimise t\u00f6id teostavad tublid \u00f5petajad ise, kes aga vajavad abi meie headelt inimestelt ehitusmaterjalide ja elementaarse tehnika soetamiseks. Ehitusmaterjalid soetatakse Ukrainast kohapealt ja iga sent l\u00e4heb hoone renoveerimisse.<\/p>\n\n\n\n<p><br>Tegemist on olnud keskkooli-tasemel internaatkooliga, kus lapsed on saanud igap\u00e4evaselt elada ja \u00f5ppida. Hetkel puuduvad aga olmetingimused, et lapsed saaksid seal \u00f6\u00f6bida ning seet\u00f5ttu saavad hetkel \u00f5ppet\u00f6\u00f6st osa v\u00f5tta vaid kohalikud lapsed. Eesm\u00e4rk on renoveerida uue \u00f5ppeaasta alguseks hoone sellisele tasemel, et lapsed saaksid ka kaugematest kohtadest seal \u00f5ppida ja elada. T\u00fc\u00fcpiline \u00f5ppur on laps, kelle m\u00f5lemad vanemad on rindel v\u00f5i pere, mis on s\u00f5ja eest \u00fcmberasustatud, kellel ei pruugi olla h\u00e4id elutingimusi uues kohas, et lapsed saaksid hea hariduse ning inimv\u00e4\u00e4rse elu.<\/p>\n<\/div>\n\n\n\n<div class=\"wp-block-column is-layout-flow wp-block-column-is-layout-flow\">\n<figure class=\"wp-block-video\"><video height=\"656\" style=\"aspect-ratio: 352 \/ 656;\" width=\"352\" controls src=\"https:\/\/voidutahe.ee\/wp-content\/uploads\/2024\/05\/913d7a00-6d06-4265-9869-ab6731b7d0c9.mp4\"><\/video><\/figure>\n<\/div>\n<\/div>\n<\/div>\n\n\n\n<div class=\"wp-block-columns alignwide is-layout-flex wp-container-core-columns-is-layout-d0846407 wp-block-columns-is-layout-flex\">\n<div class=\"wp-block-column is-layout-flow wp-block-column-is-layout-flow\">\n<figure class=\"wp-block-image size-large ext-aspect-landscape\"><img loading=\"lazy\" decoding=\"async\" width=\"766\" height=\"1024\" src=\"https:\/\/voidutahe.ee\/wp-content\/uploads\/2024\/05\/photo_2024-05-02_12-14-16-766x1024.jpg\" alt=\"\" class=\"wp-image-109\" srcset=\"https:\/\/voidutahe.ee\/wp-content\/uploads\/2024\/05\/photo_2024-05-02_12-14-16-766x1024.jpg 766w, https:\/\/voidutahe.ee\/wp-content\/uploads\/2024\/05\/photo_2024-05-02_12-14-16-224x300.jpg 224w, https:\/\/voidutahe.ee\/wp-content\/uploads\/2024\/05\/photo_2024-05-02_12-14-16-768x1027.jpg 768w, https:\/\/voidutahe.ee\/wp-content\/uploads\/2024\/05\/photo_2024-05-02_12-14-16-600x803.jpg 600w, https:\/\/voidutahe.ee\/wp-content\/uploads\/2024\/05\/photo_2024-05-02_12-14-16.jpg 957w\" sizes=\"auto, (max-width: 766px) 100vw, 766px\" \/><\/figure>\n\n\n\n<h3 class=\"wp-block-heading\" style=\"margin-top:24px;font-size:clamp(14px, 0.875rem + ((1vw - 3.2px) * 0.625), 20px);line-height:1.5\">Purustatud koolihoone<\/h3>\n\n\n\n<p class=\"has-small-font-size\" style=\"margin-top:8px\">Endine hoone on paraku lootusetult purustatud.<\/p>\n<\/div>\n\n\n\n<div class=\"wp-block-column is-layout-flow wp-block-column-is-layout-flow\">\n<figure class=\"wp-block-image size-large ext-aspect-landscape\"><img loading=\"lazy\" decoding=\"async\" width=\"578\" height=\"1024\" src=\"https:\/\/voidutahe.ee\/wp-content\/uploads\/2024\/05\/IMG-20240430-WA0011-578x1024.jpg\" alt=\"\" class=\"wp-image-111\" srcset=\"https:\/\/voidutahe.ee\/wp-content\/uploads\/2024\/05\/IMG-20240430-WA0011-578x1024.jpg 578w, https:\/\/voidutahe.ee\/wp-content\/uploads\/2024\/05\/IMG-20240430-WA0011-169x300.jpg 169w, https:\/\/voidutahe.ee\/wp-content\/uploads\/2024\/05\/IMG-20240430-WA0011-768x1362.jpg 768w, https:\/\/voidutahe.ee\/wp-content\/uploads\/2024\/05\/IMG-20240430-WA0011-866x1536.jpg 866w, https:\/\/voidutahe.ee\/wp-content\/uploads\/2024\/05\/IMG-20240430-WA0011-600x1064.jpg 600w, https:\/\/voidutahe.ee\/wp-content\/uploads\/2024\/05\/IMG-20240430-WA0011.jpg 1128w\" sizes=\"auto, (max-width: 578px) 100vw, 578px\" \/><\/figure>\n\n\n\n<h3 class=\"wp-block-heading\" style=\"margin-top:24px;font-size:clamp(14px, 0.875rem + ((1vw - 3.2px) * 0.625), 20px);line-height:1.5\">Kohalik tunnustus<\/h3>\n\n\n\n<p class=\"has-small-font-size\" style=\"margin-top:8px\">Meie kaasasutaja Raivo on juba saanud isikliku tunnustuse senise abistamise eest. <\/p>\n<\/div>\n\n\n\n<div class=\"wp-block-column is-layout-flow wp-block-column-is-layout-flow\">\n<figure class=\"wp-block-image size-large ext-aspect-landscape\"><img loading=\"lazy\" decoding=\"async\" width=\"1024\" height=\"768\" src=\"https:\/\/voidutahe.ee\/wp-content\/uploads\/2024\/05\/photo_2024-05-02_12-16-06-1024x768.jpg\" alt=\"\" class=\"wp-image-113\" srcset=\"https:\/\/voidutahe.ee\/wp-content\/uploads\/2024\/05\/photo_2024-05-02_12-16-06-1024x768.jpg 1024w, https:\/\/voidutahe.ee\/wp-content\/uploads\/2024\/05\/photo_2024-05-02_12-16-06-300x225.jpg 300w, https:\/\/voidutahe.ee\/wp-content\/uploads\/2024\/05\/photo_2024-05-02_12-16-06-768x576.jpg 768w, https:\/\/voidutahe.ee\/wp-content\/uploads\/2024\/05\/photo_2024-05-02_12-16-06-600x450.jpg 600w, https:\/\/voidutahe.ee\/wp-content\/uploads\/2024\/05\/photo_2024-05-02_12-16-06.jpg 1280w\" sizes=\"auto, (max-width: 1024px) 100vw, 1024px\" \/><\/figure>\n\n\n\n<h3 class=\"wp-block-heading\" style=\"margin-top:24px;font-size:clamp(14px, 0.875rem + ((1vw - 3.2px) * 0.625), 20px);line-height:1.5\">Vajaka on k\u00f5ige lihtsamatest vahenditest<\/h3>\n\n\n\n<p class=\"has-small-font-size\" style=\"margin-top:8px\">Viime ka konkreetseid esemeid nimekirja alusel.<\/p>\n<\/div>\n<\/div>\n\n\n\n<h2 class=\"wp-block-heading\" id=\"annetus\">Support us with a donation<\/h2>\n\n\n        <style>\n                            :root {\n                    --wcdp-main:\n                        #f8e65d                    ;\n                    --wcdp-main-2:\n                        #097bcc                    ;\n                    --wcdp-label-text-checked: white;\n                }\n\n                @keyframes wcdp-progress {\n                    0% {\n                        width: 0;\n                    }\n                }\n\n                .wcdp-progress-style-1 .wcdp-thermometer {\n    height: 2em;\n    border-radius: 0.5em;\n    }\n    .wcdp-progress-style-1 .wcdp-thermometer-bg {\n    background-color: var(--wcdp-main);\n    margin: 0;\n    height: 2em;\n    }\n    .wcdp-progress-style-1 .wcdp-progress > .wcdp-thermometer-fg {\n    background-color: var(--wcdp-main-2);\n    margin-top: -2em;\n    animation: wcdp-progress 2s ease-in;\n    }\n    .wcdp-progress-style-1 .wcdp-thermometer > .wcdp-label, .wcdp-thermometer > .wcdp-label .woocommerce-Price {\n    white-space: nowrap;\n    color: var(--wcdp-label-text-checked);\n    text-align: right;\n    padding: 0 1ch 0 1ch;\n    font-size: 1em;\n    line-height: 2em;\n    }\n<\/style>\n\n<div class=\"wcdp-progress-style-1\">\n    <div class=\"wcdp-progress\" role=\"progressbar\" aria-valuenow=\"70\" aria-valuemin=\"0\"\n        aria-valuemax=\"30000\" aria-label=\"70,00&nbsp;&euro; raised of 30000,00&nbsp;&euro; goal\">\n        <div class=\"wcdp-thermometer wcdp-thermometer-bg\"><\/div>\n        <div class=\"wcdp-thermometer wcdp-thermometer-fg\" style=\"width: 0.23333333333333%\">\n            <div class=\"wcdp-label\">70,00&nbsp;&euro; of 30000,00&nbsp;&euro;<\/div>\n        <\/div>\n    <\/div>\n<\/div>\n\n\n<ul class=\"woocommerce-error wcdp-error-message\" id=\"wcdp-ajax-error\" role=\"alert\"><li>In the current view, the donation form is not available.<\/li><\/ul>\n<\/div>","protected":false},"excerpt":{"rendered":"<p>Noortele \u00f5pitingimuste loomine Harkivi kadetikorpuse hoonekompleks h\u00e4vines 2022. aastal t\u00e4iemahulise s\u00f5ja esimesel n\u00e4dalal vene terroristide raketi r\u00fcnnakus t\u00e4ielikult. Kool sai endale teised ruumid, mis on v\u00e4ga armotiseerunud ja vajavad renoveerimist. Renoveerimise t\u00f6id teostavad tublid \u00f5petajad ise, kes aga vajavad abi meie headelt inimestelt ehitusmaterjalide ja elementaarse tehnika soetamiseks. Ehitusmaterjalid soetatakse Ukrainast kohapealt ja iga sent [&hellip;]<\/p>\n","protected":false},"author":1,"featured_media":0,"parent":0,"menu_order":0,"comment_status":"closed","ping_status":"closed","template":"","meta":{"footnotes":""},"class_list":["post-90","page","type-page","status-publish","hentry"],"aioseo_notices":[],"jetpack_sharing_enabled":true,"_links":{"self":[{"href":"https:\/\/voidutahe.ee\/en\/wp-json\/wp\/v2\/pages\/90","targetHints":{"allow":["GET"]}}],"collection":[{"href":"https:\/\/voidutahe.ee\/en\/wp-json\/wp\/v2\/pages"}],"about":[{"href":"https:\/\/voidutahe.ee\/en\/wp-json\/wp\/v2\/types\/page"}],"author":[{"embeddable":true,"href":"https:\/\/voidutahe.ee\/en\/wp-json\/wp\/v2\/users\/1"}],"replies":[{"embeddable":true,"href":"https:\/\/voidutahe.ee\/en\/wp-json\/wp\/v2\/comments?post=90"}],"version-history":[{"count":12,"href":"https:\/\/voidutahe.ee\/en\/wp-json\/wp\/v2\/pages\/90\/revisions"}],"predecessor-version":[{"id":765,"href":"https:\/\/voidutahe.ee\/en\/wp-json\/wp\/v2\/pages\/90\/revisions\/765"}],"wp:attachment":[{"href":"https:\/\/voidutahe.ee\/en\/wp-json\/wp\/v2\/media?parent=90"}],"curies":[{"name":"wp","href":"https:\/\/api.w.org\/{rel}","templated":true}]}}