{"id":20,"date":"2024-05-04T12:26:41","date_gmt":"2024-05-04T12:26:41","guid":{"rendered":"https:\/\/voidutahe.ee\/home\/"},"modified":"2026-03-27T06:37:43","modified_gmt":"2026-03-27T04:37:43","slug":"home","status":"publish","type":"page","link":"https:\/\/voidutahe.ee\/en\/","title":{"rendered":"Will For Victory NGO"},"content":{"rendered":"<div class=\"wp-block-group alignfull has-background-background-color has-background has-global-padding is-layout-constrained wp-container-core-group-is-layout-046d5c65 wp-block-group-is-layout-constrained\" style=\"margin-top:0;margin-bottom:0;padding-top:0;padding-right:var(--wp--preset--spacing--30);padding-bottom:0;padding-left:var(--wp--preset--spacing--30)\">\n<div class=\"wp-block-columns alignfull are-vertically-aligned-center is-layout-flex wp-container-core-columns-is-layout-e5e30b16 wp-block-columns-is-layout-flex\" style=\"padding-right:0;padding-left:0\">\n<div class=\"wp-block-column is-vertically-aligned-center is-layout-flow wp-block-column-is-layout-flow\">\n<div class=\"wp-block-group has-global-padding is-content-justification-center is-layout-constrained wp-container-core-group-is-layout-f2ca5b04 wp-block-group-is-layout-constrained\" style=\"padding-top:var(--wp--preset--spacing--30);padding-right:var(--wp--preset--spacing--30);padding-bottom:var(--wp--preset--spacing--30);padding-left:var(--wp--preset--spacing--30)\">\n<h1 class=\"wp-block-heading\" style=\"margin-top:12px\">We Support Ukraine<\/h1>\n\n\n\n<p style=\"margin-top:16px\">Will For Victory NGO stands in solidarity with Ukraine, and provides support to Ukraine's defenders and people who are affected by the war. We use donations to deliver supplies which are needed in Ukraine's struggle to remain free, as well as humanitarian aid for those suffering due to the war.<\/p>\n\n\n\n<div class=\"wp-block-buttons is-layout-flex wp-container-core-buttons-is-layout-12dcd427 wp-block-buttons-is-layout-flex\" style=\"margin-top:var(--wp--preset--spacing--40)\">\n<div class=\"wp-block-button\"><a class=\"wp-block-button__link wp-element-button\" href=\"#kampaania\">Active Campaigns<\/a><\/div>\n\n\n\n<div class=\"wp-block-button is-style-outline is-style-outline--1\"><a class=\"wp-block-button__link wp-element-button\" href=\"https:\/\/voidutahe.ee\/en\/galerii\/\">Photo Gallery<\/a><\/div>\n<\/div>\n<\/div>\n<\/div>\n\n\n\n<div class=\"wp-block-column is-vertically-aligned-center is-layout-flow wp-block-column-is-layout-flow\">\n<div class=\"wp-block-cover is-light\" style=\"min-height:75vh;aspect-ratio:unset;\"><span aria-hidden=\"true\" class=\"wp-block-cover__background has-background-dim-0 has-background-dim\" style=\"background-color:#98999b\"><\/span><img loading=\"lazy\" decoding=\"async\" width=\"1153\" height=\"2560\" class=\"wp-block-cover__image-background wp-image-76\" alt=\"\" src=\"https:\/\/voidutahe.ee\/wp-content\/uploads\/2024\/05\/20240225_151808-scaled.jpg\" data-object-fit=\"cover\" srcset=\"https:\/\/voidutahe.ee\/wp-content\/uploads\/2024\/05\/20240225_151808-scaled.jpg 1153w, https:\/\/voidutahe.ee\/wp-content\/uploads\/2024\/05\/20240225_151808-135x300.jpg 135w, https:\/\/voidutahe.ee\/wp-content\/uploads\/2024\/05\/20240225_151808-461x1024.jpg 461w, https:\/\/voidutahe.ee\/wp-content\/uploads\/2024\/05\/20240225_151808-768x1705.jpg 768w, https:\/\/voidutahe.ee\/wp-content\/uploads\/2024\/05\/20240225_151808-692x1536.jpg 692w, https:\/\/voidutahe.ee\/wp-content\/uploads\/2024\/05\/20240225_151808-922x2048.jpg 922w, https:\/\/voidutahe.ee\/wp-content\/uploads\/2024\/05\/20240225_151808-1320x2931.jpg 1320w, https:\/\/voidutahe.ee\/wp-content\/uploads\/2024\/05\/20240225_151808-600x1332.jpg 600w\" sizes=\"auto, (max-width: 1153px) 100vw, 1153px\" \/><div class=\"wp-block-cover__inner-container is-layout-flow wp-block-cover-is-layout-flow\">\n<p class=\"has-text-align-center has-large-font-size\"><\/p>\n<\/div><\/div>\n<\/div>\n<\/div>\n<\/div>\n\n\n\n<div class=\"wp-block-group alignfull has-background-background-color has-background has-global-padding is-layout-constrained wp-container-core-group-is-layout-68d5e5bb wp-block-group-is-layout-constrained\" style=\"margin-top:0;margin-bottom:0;padding-top:var(--wp--preset--spacing--50);padding-right:var(--wp--preset--spacing--30);padding-bottom:var(--wp--preset--spacing--60);padding-left:var(--wp--preset--spacing--30)\">\n<div class=\"wp-block-columns alignwide is-layout-flex wp-container-core-columns-is-layout-47c06fe3 wp-block-columns-is-layout-flex\">\n<div class=\"wp-block-column is-layout-flow wp-block-column-is-layout-flow\">\n<h3 class=\"wp-block-heading\" id=\"missioon\" style=\"margin-top:12px\">Our Mission<\/h3>\n\n\n\n<p style=\"margin-top:16px\">We support Ukraine's people and defenders in their fight for freedom. We provide the following assistance:<\/p>\n<\/div>\n\n\n\n<div class=\"wp-block-column is-layout-flow wp-block-column-is-layout-flow\">\n<div class=\"wp-block-group has-global-padding is-layout-constrained wp-block-group-is-layout-constrained\">\n<h3 class=\"wp-block-heading\" style=\"margin-top:16px;font-size:clamp(14px, 0.875rem + ((1vw - 3.2px) * 0.625), 20px);line-height:1.5\">Critical Assistance<\/h3>\n\n\n\n<p class=\"has-small-font-size\" style=\"margin-top:8px\">We deliver essential equipment to Ukraine's defenders, improving their capabilities to resist aggression.<\/p>\n<\/div>\n\n\n\n<div class=\"wp-block-group has-global-padding is-layout-constrained wp-block-group-is-layout-constrained\">\n<h3 class=\"wp-block-heading\" style=\"margin-top:16px;font-size:clamp(14px, 0.875rem + ((1vw - 3.2px) * 0.625), 20px);line-height:1.5\">Humanitarian Aid<\/h3>\n\n\n\n<p class=\"has-small-font-size\" style=\"margin-top:8px\">We provide donations of supplies which help people to better face the challenges of living in a warzone.<\/p>\n<\/div>\n\n\n\n<div class=\"wp-block-group has-global-padding is-layout-constrained wp-block-group-is-layout-constrained\">\n<h3 class=\"wp-block-heading\" style=\"margin-top:16px;font-size:clamp(14px, 0.875rem + ((1vw - 3.2px) * 0.625), 20px);line-height:1.5\">Lasting Freedom<\/h3>\n\n\n\n<p class=\"has-small-font-size\" style=\"margin-top:8px\">We are committed to supporting Ukraine's struggle for sovereignty until final victory, and for as long as needed.<\/p>\n<\/div>\n<\/div>\n\n\n\n<div class=\"wp-block-column is-layout-flow wp-block-column-is-layout-flow\">\n<div class=\"wp-block-group has-global-padding is-layout-constrained wp-block-group-is-layout-constrained\">\n<h3 class=\"wp-block-heading\" style=\"margin-top:16px;font-size:clamp(14px, 0.875rem + ((1vw - 3.2px) * 0.625), 20px);line-height:1.5\">Essentials<\/h3>\n\n\n\n<p class=\"has-small-font-size\" style=\"margin-top:8px\">We support the health and well-being of Ukrainians by working to supply vital daily necessities which may otherwise be absent.<\/p>\n<\/div>\n\n\n\n<div class=\"wp-block-group has-global-padding is-layout-constrained wp-block-group-is-layout-constrained\">\n<h3 class=\"wp-block-heading\" style=\"margin-top:16px;font-size:clamp(14px, 0.875rem + ((1vw - 3.2px) * 0.625), 20px);line-height:1.5\">Unified Support<\/h3>\n\n\n\n<p class=\"has-small-font-size\" style=\"margin-top:8px\">Our commitment to a free and prosperous Ukraine drives our actions as we find and help those in need of support<\/p>\n<\/div>\n<\/div>\n<\/div>\n<\/div>\n\n\n\n<div class=\"wp-block-group alignfull has-global-padding is-content-justification-center is-layout-constrained wp-block-group-is-layout-constrained\">\n\n<div class=\"wp-block-columns alignwide has-medium-font-size is-layout-flex wp-container-core-columns-is-layout-d69fc935 wp-block-columns-is-layout-flex\" style=\"margin-top:var(--wp--preset--spacing--30);margin-bottom:var(--wp--preset--spacing--30);padding-top:0;padding-right:0;padding-bottom:0;padding-left:0\">\n\n<div class=\"wp-block-column is-vertically-aligned-top is-layout-flow wp-block-column-is-layout-flow\" style=\"flex-basis:600px\">\n\n<div class=\"wp-block-group has-global-padding is-layout-constrained wp-container-core-group-is-layout-80fb368b wp-block-group-is-layout-constrained\" style=\"padding-top:var(--wp--preset--spacing--30);padding-right:var(--wp--preset--spacing--30);padding-bottom:var(--wp--preset--spacing--30);padding-left:var(--wp--preset--spacing--30)\">\n\n<h3 class=\"wp-block-heading\" id=\"kampaania\">Kherson Air Defence Campaign<\/h3>\n\n\n\n<figure class=\"wp-block-image size-large\"><img decoding=\"async\" src=\"https:\/\/voidutahe.ee\/wp-content\/uploads\/2025\/02\/voidutahe-kherson-ad-laser-designator.jpeg\" alt=\"\" class=\"wp-image-83\"\/><\/figure>\n\n\n\n<p>We are supporting Kherson Air Defence as they protect Ukrainian civilians against enemy drone attacks.<\/p>\n\n\n\n<div class=\"wp-block-buttons is-layout-flex wp-block-buttons-is-layout-flex\">\n\n<div class=\"wp-block-button is-style-outline is-style-outline--2\"><a class=\"wp-block-button__link wp-element-button\" href=\"https:\/\/voidutahe.ee\/en\/hersoni-ohutorje-kampaania\/\">More details<\/a><\/div>\n\n\n\n<div class=\"wp-block-button\"><a class=\"wp-block-button__link wp-element-button\" href=\"https:\/\/voidutahe.ee\/en\/hersoni-ohutorje-kampaania\/#annetus\">Donate<\/a><\/div>\n<\/div>\n<\/div>\n<\/div>\n\n\n\n<div class=\"wp-block-column is-vertically-aligned-top is-layout-flow wp-block-column-is-layout-flow\" style=\"flex-basis:600px\">\n<div class=\"wp-block-group has-global-padding is-layout-constrained wp-container-core-group-is-layout-80fb368b wp-block-group-is-layout-constrained\" style=\"padding-top:var(--wp--preset--spacing--30);padding-right:var(--wp--preset--spacing--30);padding-bottom:var(--wp--preset--spacing--30);padding-left:var(--wp--preset--spacing--30)\">\n<h3 class=\"wp-block-heading\" id=\"kampaania\">Ukrainian Air Defence Mobility Support<\/h3>\n\n\n\n<figure class=\"wp-block-image size-large\"><img decoding=\"async\" src=\"https:\/\/voidutahe.ee\/wp-content\/uploads\/2026\/03\/ad-van-collage.png\" alt=\"\" class=\"wp-image-83\"\/><\/figure>\n\n\n\n<p>We are helping Ukrainian Air Defence with vehicles for both logistics and drone interception mobility!<\/p>\n\n\n\n<div class=\"wp-block-buttons is-layout-flex wp-block-buttons-is-layout-flex\">\n<div class=\"wp-block-button is-style-outline is-style-outline--3\"><a class=\"wp-block-button__link wp-element-button\" href=\"https:\/\/voidutahe.ee\/en\/ukraina-ohutorje-mobiilsustoetus\/\">More details<\/a><\/div>\n\n\n\n<div class=\"wp-block-button\"><a class=\"wp-block-button__link wp-element-button\" href=\"https:\/\/voidutahe.ee\/en\/ukraina-ohutorje-mobiilsustoetus\/#annetus\">Donate<\/a><\/div>\n<\/div>\n<\/div>\n<\/div>\n<\/div>\n\n<\/div>\n\n\n\n<div class=\"wp-block-group alignfull has-background-background-color has-background has-global-padding is-layout-constrained wp-container-core-group-is-layout-7276a2bb wp-block-group-is-layout-constrained\" style=\"margin-top:0;margin-bottom:0;padding-top:var(--wp--preset--spacing--60);padding-right:var(--wp--preset--spacing--30);padding-bottom:var(--wp--preset--spacing--60);padding-left:var(--wp--preset--spacing--30)\">\n<div class=\"wp-block-group alignwide has-global-padding is-content-justification-left is-layout-constrained wp-container-core-group-is-layout-8b4c372c wp-block-group-is-layout-constrained\">\n<h3 class=\"wp-block-heading\">More About Us<\/h3>\n\n\n\n<p style=\"margin-top:16px\">Will For Victory NGO co-founder Raivo Olev started supporting Ukraine in March 2022, and his activities have received media coverage several times. Below is a sample of some of that coverage:<\/p>\n<\/div>\n\n\n\n<div class=\"wp-block-columns alignwide is-layout-flex wp-container-core-columns-is-layout-aee59796 wp-block-columns-is-layout-flex\" style=\"margin-top:32px\">\n<div class=\"wp-block-column has-tertiary-background-color has-background is-layout-flow wp-block-column-is-layout-flow\">\n<div class=\"wp-block-group has-global-padding is-layout-constrained wp-container-core-group-is-layout-24fca791 wp-block-group-is-layout-constrained\" style=\"padding-top:var(--wp--preset--spacing--30);padding-right:24px;padding-bottom:var(--wp--preset--spacing--30);padding-left:24px\">\n<div style=\"position: relative; width: 100%; height: 0; padding-bottom: 56.25%;\"><iframe style=\"position: absolute; top: 0; left: 0; width: 100%; height: 100%; border: none;\" src=\"\/\/services.err.ee\/media\/embed\/b4462666a85ce9171912a5f74b218871\" frameborder=\"0\" allowfullscreen=\"allowfullscreen\"><\/iframe><\/div>\n<\/div>\n<\/div>\n\n\n\n<div class=\"wp-block-column has-tertiary-background-color has-background is-layout-flow wp-block-column-is-layout-flow\">\n<div class=\"wp-block-group has-global-padding is-layout-constrained wp-container-core-group-is-layout-24fca791 wp-block-group-is-layout-constrained\" style=\"padding-top:var(--wp--preset--spacing--30);padding-right:24px;padding-bottom:var(--wp--preset--spacing--30);padding-left:24px\">\n<div style=\"position: relative; width: 100%; height: 0; padding-bottom: 56.25%;\"><iframe style=\"position: absolute; top: 0; left: 0; width: 100%; height: 100%; border: none;\" src=\"\/\/services.err.ee\/media\/embed\/9c9d97f3774bd45921e38dbbb8c336ab\" frameborder=\"0\" allowfullscreen=\"allowfullscreen\"><\/iframe><\/div>\n<\/div>\n<\/div>\n\n\n\n<div class=\"wp-block-column has-tertiary-background-color has-background is-layout-flow wp-block-column-is-layout-flow\">\n<div class=\"wp-block-group has-global-padding is-layout-constrained wp-container-core-group-is-layout-24fca791 wp-block-group-is-layout-constrained\" style=\"padding-top:var(--wp--preset--spacing--30);padding-right:24px;padding-bottom:var(--wp--preset--spacing--30);padding-left:24px\">\n<div style=\"position: relative; width: 100%; height: 0; padding-bottom: 56.25%;\"><iframe style=\"position: absolute; top: 0; left: 0; width: 100%; height: 100%; border: none;\" src=\"\/\/services.err.ee\/media\/embed\/ebec3049b304f3518859d3c2e551b369\" frameborder=\"0\" allowfullscreen=\"allowfullscreen\"><\/iframe><\/div>\n<\/div>\n<\/div>\n<\/div>\n<\/div>\n\n\n\n<div class=\"wp-block-group alignfull has-background-background-color has-background has-global-padding is-layout-constrained wp-container-core-group-is-layout-7276a2bb wp-block-group-is-layout-constrained\" style=\"margin-top:0;margin-bottom:0;padding-top:var(--wp--preset--spacing--60);padding-right:var(--wp--preset--spacing--30);padding-bottom:var(--wp--preset--spacing--60);padding-left:var(--wp--preset--spacing--30)\">\n<div class=\"wp-block-group has-global-padding is-layout-constrained wp-block-group-is-layout-constrained\">\n<h3 class=\"wp-block-heading\">Support us with a donation<\/h3>\n<\/div>\n\n\n        <style>\n                            :root {\n                    --wcdp-main:\n                        #f8e65d                    ;\n                    --wcdp-main-2:\n                        #097bcc                    ;\n                    --wcdp-label-text-checked: white;\n                }\n\n                @keyframes wcdp-progress {\n                    0% {\n                        width: 0;\n                    }\n                }\n\n                .wcdp-progress-style-1 .wcdp-thermometer {\n    height: 2em;\n    border-radius: 0.5em;\n    }\n    .wcdp-progress-style-1 .wcdp-thermometer-bg {\n    background-color: var(--wcdp-main);\n    margin: 0;\n    height: 2em;\n    }\n    .wcdp-progress-style-1 .wcdp-progress > .wcdp-thermometer-fg {\n    background-color: var(--wcdp-main-2);\n    margin-top: -2em;\n    animation: wcdp-progress 2s ease-in;\n    }\n    .wcdp-progress-style-1 .wcdp-thermometer > .wcdp-label, .wcdp-thermometer > .wcdp-label .woocommerce-Price {\n    white-space: nowrap;\n    color: var(--wcdp-label-text-checked);\n    text-align: right;\n    padding: 0 1ch 0 1ch;\n    font-size: 1em;\n    line-height: 2em;\n    }\n<\/style>\n\n<div class=\"wcdp-progress-style-1\">\n    <div class=\"wcdp-progress\" role=\"progressbar\" aria-valuenow=\"10600\" aria-valuemin=\"0\"\n        aria-valuemax=\"30000\" aria-label=\"10600,00&nbsp;&euro; raised of 30000,00&nbsp;&euro; goal\">\n        <div class=\"wcdp-thermometer wcdp-thermometer-bg\"><\/div>\n        <div class=\"wcdp-thermometer wcdp-thermometer-fg\" style=\"width: 35.333333333333%\">\n            <div class=\"wcdp-label\">10600,00&nbsp;&euro; of 30000,00&nbsp;&euro;<\/div>\n        <\/div>\n    <\/div>\n<\/div>\n\n\n<ul class=\"woocommerce-error wcdp-error-message\" id=\"wcdp-ajax-error\" role=\"alert\"><li>In the current view, the donation form is not available.<\/li><\/ul>\n\n\n\n<div style=\"height:5px\" aria-hidden=\"true\" class=\"wp-block-spacer\"><\/div>\n\n\n\n<figure class=\"wp-block-image alignwide size-large\"><img loading=\"lazy\" decoding=\"async\" width=\"1024\" height=\"576\" src=\"https:\/\/voidutahe.ee\/wp-content\/uploads\/2024\/05\/20230325_125659-1024x576.jpg\" alt=\"\" class=\"wp-image-80\" srcset=\"https:\/\/voidutahe.ee\/wp-content\/uploads\/2024\/05\/20230325_125659-1024x576.jpg 1024w, https:\/\/voidutahe.ee\/wp-content\/uploads\/2024\/05\/20230325_125659-300x169.jpg 300w, https:\/\/voidutahe.ee\/wp-content\/uploads\/2024\/05\/20230325_125659-768x432.jpg 768w, https:\/\/voidutahe.ee\/wp-content\/uploads\/2024\/05\/20230325_125659-1536x864.jpg 1536w, https:\/\/voidutahe.ee\/wp-content\/uploads\/2024\/05\/20230325_125659-2048x1152.jpg 2048w, https:\/\/voidutahe.ee\/wp-content\/uploads\/2024\/05\/20230325_125659-1320x743.jpg 1320w, https:\/\/voidutahe.ee\/wp-content\/uploads\/2024\/05\/20230325_125659-600x338.jpg 600w\" sizes=\"auto, (max-width: 1024px) 100vw, 1024px\" \/><\/figure>\n<\/div>","protected":false},"excerpt":{"rendered":"<p>Toetame Ukrainat MT\u00dc V\u00f5idutahe on Ukrainaga solidaarne, pakkudes \u00fcliolulist toetust selle kaitsjatele ja abi s\u00f5jast m\u00f5jutatud inimestele. Annetuste kaudu tarnime h\u00e4davajalikku varustust nende vabadusv\u00f5itluse toetamiseks ja humanitaarabi, et leevendada s\u00f5jaraskusi. Meie missioon Toetame Ukraina riiki ja s\u00f5jav\u00e4ge nende v\u00f5itluses vabaduse eest. Oleme keskendunud j\u00e4rgmisele abile. Kriitiline abi Meie algatused tarnivad Ukraina kaitsjatele h\u00e4davajalikku varustust, tugevdades [&hellip;]<\/p>\n","protected":false},"author":1,"featured_media":0,"parent":0,"menu_order":0,"comment_status":"closed","ping_status":"closed","template":"no-title","meta":{"footnotes":""},"class_list":["post-20","page","type-page","status-publish","hentry"],"aioseo_notices":[],"jetpack_sharing_enabled":true,"_links":{"self":[{"href":"https:\/\/voidutahe.ee\/en\/wp-json\/wp\/v2\/pages\/20","targetHints":{"allow":["GET"]}}],"collection":[{"href":"https:\/\/voidutahe.ee\/en\/wp-json\/wp\/v2\/pages"}],"about":[{"href":"https:\/\/voidutahe.ee\/en\/wp-json\/wp\/v2\/types\/page"}],"author":[{"embeddable":true,"href":"https:\/\/voidutahe.ee\/en\/wp-json\/wp\/v2\/users\/1"}],"replies":[{"embeddable":true,"href":"https:\/\/voidutahe.ee\/en\/wp-json\/wp\/v2\/comments?post=20"}],"version-history":[{"count":48,"href":"https:\/\/voidutahe.ee\/en\/wp-json\/wp\/v2\/pages\/20\/revisions"}],"predecessor-version":[{"id":1548,"href":"https:\/\/voidutahe.ee\/en\/wp-json\/wp\/v2\/pages\/20\/revisions\/1548"}],"wp:attachment":[{"href":"https:\/\/voidutahe.ee\/en\/wp-json\/wp\/v2\/media?parent=20"}],"curies":[{"name":"wp","href":"https:\/\/api.w.org\/{rel}","templated":true}]}}