{"id":1353,"date":"2026-02-03T06:22:12","date_gmt":"2026-02-03T04:22:12","guid":{"rendered":"https:\/\/voidutahe.ee\/?page_id=1353"},"modified":"2026-03-27T06:35:27","modified_gmt":"2026-03-27T04:35:27","slug":"ukraina-ohutorje-mobiilsustoetus","status":"publish","type":"page","link":"https:\/\/voidutahe.ee\/en\/ukraina-ohutorje-mobiilsustoetus\/","title":{"rendered":"Ukrainian Air Defence Mobility Support!"},"content":{"rendered":"<div class=\"wp-block-group alignfull has-background-background-color has-background has-global-padding is-layout-constrained wp-container-core-group-is-layout-7276a2bb wp-block-group-is-layout-constrained\" style=\"margin-top:0;margin-bottom:0;padding-top:var(--wp--preset--spacing--60);padding-right:var(--wp--preset--spacing--30);padding-bottom:var(--wp--preset--spacing--60);padding-left:var(--wp--preset--spacing--30)\">\n\n\n<div class=\"wp-block-columns alignwide is-layout-flex wp-container-core-columns-is-layout-47c06fe3 wp-block-columns-is-layout-flex\">\n\n\n<div class=\"wp-block-column is-layout-flow wp-container-core-column-is-layout-8a368f38 wp-block-column-is-layout-flow\" style=\"flex-basis:40%\">\n\n\n<figure class=\"wp-block-image size-medium\"><img decoding=\"async\" src=\"https:\/\/voidutahe.ee\/wp-content\/uploads\/2026\/03\/ad-van-exterior.jpeg\" alt=\"\" class=\"wp-image-102\"\/><\/figure>\n\n\n<\/div>\n\n\n<div class=\"wp-block-column is-layout-flow wp-block-column-is-layout-flow\" style=\"flex-basis:60%\">\n\n\n<p>We have received 2 requests for help from Ukrainian Air Defence teams!<\/p>\n\n\n\n<p>First, they have asked us to help them with a vehicle for one of their mobile interceptor teams. These are the teams which intercept incoming drones, and better mobility means more drones stopped before they can hurt Ukrainian civilians and damage Ukrainian cities!<\/p>\n\n\n<\/div>\n<\/div>\n\n\n<div class=\"wp-block-columns alignwide is-layout-flex wp-container-core-columns-is-layout-47c06fe3 wp-block-columns-is-layout-flex\">\n\n\n<div class=\"wp-block-column is-layout-flow wp-block-column-is-layout-flow\" style=\"flex-basis:60%\">\n\n\n<p>Second, they have asked us to help them with a large and reliable logistics vehicle. They need a vehicle which can deal with rough and offroad terrain, which can easily transport heavy equipment to forward areas, and which is reliable and easy to fix if there are any problems.<\/p>\n\n\n\n<p>These vehicles are both critical to helping Ukrainian Air Defence be more effective at stopping incoming drones! Together, let's help make Ukrainian skies safer and keep civilians free from attacks by the invaders!<\/p>\n\n\n<\/div>\n\n\n<div class=\"wp-block-column is-layout-flow wp-container-core-column-is-layout-8a368f38 wp-block-column-is-layout-flow\" style=\"flex-basis:40%\">\n\n\n<figure class=\"wp-block-image size-medium\"><img decoding=\"async\" src=\"https:\/\/voidutahe.ee\/wp-content\/uploads\/2026\/02\/ad-truck.png\" alt=\"\" class=\"wp-image-102\"\/><\/figure>\n\n\n<\/div>\n\n<\/div>\n\n\n<div class=\"wp-block-media-text is-stacked-on-mobile\"><figure class=\"wp-block-media-text__media\"><video controls src=\"https:\/\/voidutahe.ee\/wp-content\/uploads\/2026\/03\/ad-van-campaign-raivo.mp4\"><\/video><\/figure><div class=\"wp-block-media-text__content\">\n\n\n<p>An introduction to the drone team's new vehicle<\/p>\n\n\n<\/div><\/div>\n\n\n\n<div class=\"wp-block-columns alignwide is-layout-flex wp-container-core-columns-is-layout-47c06fe3 wp-block-columns-is-layout-flex\">\n\n\n<div class=\"wp-block-column is-layout-flow wp-block-column-is-layout-flow\" style=\"flex-basis:100%\">\n<figure class=\"wp-block-media-text__media\"><video controls src=\"https:\/\/voidutahe.ee\/wp-content\/uploads\/2026\/03\/voidutahe-ad-shaheds-boom.mp4\"><\/video><\/figure>\n<\/div>\n\n<\/div>\n\n\n<h2 class=\"wp-block-heading\" id=\"annetus\">Support us with a donation<\/h2>\n\n\n        <style>\n                            :root {\n                    --wcdp-main:\n                        #f8e65d                    ;\n                    --wcdp-main-2:\n                        #097bcc                    ;\n                    --wcdp-label-text-checked: white;\n                }\n\n                @keyframes wcdp-progress {\n                    0% {\n                        width: 0;\n                    }\n                }\n\n                .wcdp-progress-style-1 .wcdp-thermometer {\n    height: 2em;\n    border-radius: 0.5em;\n    }\n    .wcdp-progress-style-1 .wcdp-thermometer-bg {\n    background-color: var(--wcdp-main);\n    margin: 0;\n    height: 2em;\n    }\n    .wcdp-progress-style-1 .wcdp-progress > .wcdp-thermometer-fg {\n    background-color: var(--wcdp-main-2);\n    margin-top: -2em;\n    animation: wcdp-progress 2s ease-in;\n    }\n    .wcdp-progress-style-1 .wcdp-thermometer > .wcdp-label, .wcdp-thermometer > .wcdp-label .woocommerce-Price {\n    white-space: nowrap;\n    color: var(--wcdp-label-text-checked);\n    text-align: right;\n    padding: 0 1ch 0 1ch;\n    font-size: 1em;\n    line-height: 2em;\n    }\n<\/style>\n\n<div class=\"wcdp-progress-style-1\">\n    <div class=\"wcdp-progress\" role=\"progressbar\" aria-valuenow=\"10610\" aria-valuemin=\"0\"\n        aria-valuemax=\"30000\" aria-label=\"10610,00&nbsp;&euro; raised of 30000,00&nbsp;&euro; goal\">\n        <div class=\"wcdp-thermometer wcdp-thermometer-bg\"><\/div>\n        <div class=\"wcdp-thermometer wcdp-thermometer-fg\" style=\"width: 35.366666666667%\">\n            <div class=\"wcdp-label\">10610,00&nbsp;&euro; of 30000,00&nbsp;&euro;<\/div>\n        <\/div>\n    <\/div>\n<\/div>\n\n\n<ul class=\"woocommerce-error wcdp-error-message\" id=\"wcdp-ajax-error\" role=\"alert\"><li>In the current view, the donation form is not available.<\/li><\/ul>\n<\/div>\n<!-- \/wp:post-content -->","protected":false},"excerpt":{"rendered":"<p>Oleme saanud Ukraina \u00f5hut\u00f5rje \u00fcksustelt 2 abipalvet! Esiteks on nad palunud meil aidata kahe mikrobussiga, mis l\u00e4heksid mobiilsetele p\u00fc\u00fcdurdrooni \u00fcksustele. Need on meeskonnad, kes v\u00f5itlevad droonidega vene r\u00fcndedroonide vastu ja parem liikuvus t\u00e4hendab, et rohkem droone peatatakse enne, kui nad saavad Ukraina tsiviilelanikke vigastada ja Ukraina linnu kahjustada! Teiseks on nad palunud meil aidata neid [&hellip;]<\/p>\n","protected":false},"author":1,"featured_media":0,"parent":0,"menu_order":0,"comment_status":"closed","ping_status":"closed","template":"page-with-title","meta":{"footnotes":""},"class_list":["post-1353","page","type-page","status-publish","hentry"],"aioseo_notices":[],"jetpack_sharing_enabled":true,"_links":{"self":[{"href":"https:\/\/voidutahe.ee\/en\/wp-json\/wp\/v2\/pages\/1353","targetHints":{"allow":["GET"]}}],"collection":[{"href":"https:\/\/voidutahe.ee\/en\/wp-json\/wp\/v2\/pages"}],"about":[{"href":"https:\/\/voidutahe.ee\/en\/wp-json\/wp\/v2\/types\/page"}],"author":[{"embeddable":true,"href":"https:\/\/voidutahe.ee\/en\/wp-json\/wp\/v2\/users\/1"}],"replies":[{"embeddable":true,"href":"https:\/\/voidutahe.ee\/en\/wp-json\/wp\/v2\/comments?post=1353"}],"version-history":[{"count":5,"href":"https:\/\/voidutahe.ee\/en\/wp-json\/wp\/v2\/pages\/1353\/revisions"}],"predecessor-version":[{"id":1547,"href":"https:\/\/voidutahe.ee\/en\/wp-json\/wp\/v2\/pages\/1353\/revisions\/1547"}],"wp:attachment":[{"href":"https:\/\/voidutahe.ee\/en\/wp-json\/wp\/v2\/media?parent=1353"}],"curies":[{"name":"wp","href":"https:\/\/api.w.org\/{rel}","templated":true}]}}